{"id":2567,"date":"2021-01-19T15:12:24","date_gmt":"2021-02-26T20:00:27","guid":{"rendered":"https:\/\/greenluxury.hr\/proizvod\/royal-premium-kunstgras\/"},"modified":"2025-01-15T09:20:35","modified_gmt":"2025-01-15T08:20:35","slug":"royal-premium-kunstrasen","status":"publish","type":"product","link":"https:\/\/greenluxury.hr\/de\/produkt\/royal-premium-kunstrasen\/","title":{"rendered":"ROYAL PREMIUM Kunstrasen"},"content":{"rendered":"<p>[et_pb_section fb_built=&#8221;1&#8243; _builder_version=&#8221;4.7.3&#8243; _module_preset=&#8221;default&#8221; background_color=&#8221;rgba(0,0,0,0)&#8221; background_color_gradient_direction=&#8221;90deg&#8221; custom_margin=&#8221;0px||0px||false|false&#8221; custom_padding=&#8221;0px|0px|0px|0px|true|false&#8221;][et_pb_row _builder_version=&#8221;4.7.3&#8243; _module_preset=&#8221;default&#8221; background_enable_color=&#8221;off&#8221; use_background_color_gradient=&#8221;on&#8221; background_color_gradient_start=&#8221;#54ad1d&#8221; background_color_gradient_end=&#8221;#7cda24&#8243; background_color_gradient_direction=&#8221;90deg&#8221; width=&#8221;100%&#8221; custom_margin=&#8221;0px||0px||false|false&#8221; custom_padding=&#8221;0px||0px|28px|false|false&#8221;][et_pb_column type=&#8221;4_4&#8243; _builder_version=&#8221;4.7.3&#8243; _module_preset=&#8221;default&#8221; background_enable_color=&#8221;off&#8221;][et_pb_wc_cart_notice _builder_version=&#8221;4.7.3&#8243; body_font=&#8221;|600|||||||&#8221; body_text_color=&#8221;#edf000&#8243; body_font_size=&#8221;23px&#8221; body_line_height=&#8221;1.6em&#8221; background_color=&#8221;rgba(0,0,0,0)&#8221; background_color_gradient_direction=&#8221;90deg&#8221; custom_button=&#8221;on&#8221; button_text_color=&#8221;#edf000&#8243; button_bg_color=&#8221;#003061&#8243; button_font=&#8221;|600||on|||||&#8221; button_use_icon=&#8221;off&#8221; background_layout=&#8221;light&#8221; custom_margin=&#8221;0em|0em|0em|0em|false|false&#8221; custom_padding=&#8221;26px|15px|15px|15px|false|false&#8221; locked=&#8221;off&#8221;][\/et_pb_wc_cart_notice][\/et_pb_column][\/et_pb_row][\/et_pb_section][et_pb_section fb_built=&#8221;1&#8243; _builder_version=&#8221;4.7.3&#8243; background_image=&#8221;https:\/\/greenluxury.hr\/wp-content\/uploads\/2020\/11\/Trogir-2_1.jpg&#8221; custom_padding=&#8221;||||false|false&#8221;][et_pb_row _builder_version=&#8221;3.29.3&#8243; background_size=&#8221;initial&#8221; background_position=&#8221;top_left&#8221; background_repeat=&#8221;repeat&#8221; width=&#8221;100%&#8221; custom_margin=&#8221;-17px|auto||auto||&#8221; custom_padding=&#8221;14%||14%||false|false&#8221;][et_pb_column type=&#8221;4_4&#8243; _builder_version=&#8221;3.25&#8243; custom_padding=&#8221;|||&#8221; custom_padding__hover=&#8221;|||&#8221;][\/et_pb_column][\/et_pb_row][et_pb_row column_structure=&#8221;1_4,1_4,1_4,1_4&#8243; use_custom_gutter=&#8221;on&#8221; gutter_width=&#8221;1&#8243; disabled_on=&#8221;on|on|off&#8221; admin_label=&#8221;Reihe&#8221; module_class=&#8221;product_shop_benefits&#8221; _builder_version=&#8221;4.7.3&#8243; _module_preset=&#8221;default&#8221; background_color=&#8221;#ffffff&#8221; custom_padding=&#8221;30px||60px||false|false&#8221; locked=&#8221;off&#8221;][et_pb_column type=&#8221;1_4&#8243; _builder_version=&#8221;4.6.1&#8243; _module_preset=&#8221;default&#8221;][et_pb_text _builder_version=&#8221;4.6.1&#8243; _module_preset=&#8221;default&#8221; text_font=&#8221;|600|||||||&#8221; text_text_color=&#8221;#000000&#8243; text_font_size=&#8221;16px&#8221; text_orientation=&#8221;center&#8221;]<i class=\"fas fa-check-circle\"><\/i> Kostenloser Versand [\/et_pb_text][\/et_pb_column][et_pb_column type=&#8221;1_4&#8243; _builder_version=&#8221;4.6.1&#8243; _module_preset=&#8221;default&#8221;][et_pb_text _builder_version=&#8221;4.8.2&#8243; _module_preset=&#8221;default&#8221; text_font=&#8221;|600|||||||&#8221; text_text_color=&#8221;#000000&#8243; text_font_size=&#8221;16px&#8221; text_orientation=&#8221;center&#8221;]<i class=\"fas fa-check-circle\"><\/i> Bester Online-Shop[\/et_pb_text][\/et_pb_column][et_pb_column type=&#8221;1_4&#8243; _builder_version=&#8221;4.6.1&#8243; _module_preset=&#8221;default&#8221;][et_pb_text _builder_version=&#8221;4.6.1&#8243; _module_preset=&#8221;default&#8221; text_font=&#8221;|600|||||||&#8221; text_text_color=&#8221;#000000&#8243; text_font_size=&#8221;16px&#8221; text_orientation=&#8221;center&#8221;]<i class=\"fas fa-check-circle\"><\/i> Kostenlose R\u00fcckgabe[\/et_pb_text][\/et_pb_column][et_pb_column type=&#8221;1_4&#8243; _builder_version=&#8221;4.6.1&#8243; _module_preset=&#8221;default&#8221;][et_pb_text _builder_version=&#8221;4.6.1&#8243; _module_preset=&#8221;default&#8221; text_font=&#8221;|600|||||||&#8221; text_text_color=&#8221;#000000&#8243; text_font_size=&#8221;16px&#8221; text_orientation=&#8221;center&#8221;]<i class=\"fas fa-check-circle\"><\/i> Bestpreisgarantie[\/et_pb_text][\/et_pb_column][\/et_pb_row][\/et_pb_section][et_pb_section fb_built=&#8221;1&#8243; _builder_version=&#8221;3.29.3&#8243;][et_pb_row column_structure=&#8221;1_2,1_2&#8243; custom_padding_last_edited=&#8221;on|phone&#8221; _builder_version=&#8221;4.7.3&#8243; background_color=&#8221;#fff&#8221; positioning=&#8221;none&#8221; custom_margin=&#8221;-150px||||false|false&#8221; custom_margin_tablet=&#8221;-120px||||false|false&#8221; custom_margin_phone=&#8221;&#8221; custom_margin_last_edited=&#8221;on|phone&#8221; custom_padding=&#8221;50px|50px|50px|50px|false|false&#8221; custom_padding_tablet=&#8221;&#8221; custom_padding_phone=&#8221;30px|30px|30px|30px|false|false&#8221; box_shadow_style=&#8221;preset3&#8243;][et_pb_column type=&#8221;1_2&#8243; _builder_version=&#8221;3.29.3&#8243;][et_pb_wc_images show_product_gallery=&#8221;off&#8221; show_sale_badge=&#8221;off&#8221; _builder_version=&#8221;3.29.3&#8243;][\/et_pb_wc_images][\/et_pb_column][et_pb_column type=&#8221;1_2&#8243; _builder_version=&#8221;3.29.3&#8243;][et_pb_wc_breadcrumb _builder_version=&#8221;3.29.3&#8243;][\/et_pb_wc_breadcrumb][et_pb_wc_title _builder_version=&#8221;3.29.3&#8243; header_font=&#8221;|700|||||||&#8221; header_font_size=&#8221;50px&#8221; header_line_height=&#8221;1.2em&#8221; header_font_size_tablet=&#8221;46px&#8221; header_font_size_phone=&#8221;36px&#8221; header_font_size_last_edited=&#8221;on|phone&#8221;][\/et_pb_wc_title][dsm_block_reveal_text block_reveal_text=&#8221;Price on request&#8221; _builder_version=&#8221;4.8.2&#8243; _module_preset=&#8221;default&#8221; header_text_color=&#8221;#ef2857&#8243; header_font_size=&#8221;37px&#8221; hover_enabled=&#8221;0&#8243; sticky_enabled=&#8221;0&#8243;][\/dsm_block_reveal_text][et_pb_wc_description _builder_version=&#8221;4.7.3&#8243; _module_preset=&#8221;default&#8221; body_font=&#8221;||||||||&#8221; body_text_color=&#8221;#236d38&#8243;][\/et_pb_wc_description][et_pb_wc_add_to_cart _builder_version=&#8221;4.7.3&#8243; fields_custom_margin=&#8221;||||false|false&#8221; body_font_size=&#8221;19px&#8221; fields_font_size=&#8221;24px&#8221; dropdown_menus_font_size=&#8221;15px&#8221; custom_button=&#8221;on&#8221; button_text_size=&#8221;29px&#8221; button_text_color=&#8221;#ffffff&#8221; button_bg_color=&#8221;#54ad1d&#8221; button_letter_spacing=&#8221;1px&#8221; button_font=&#8221;|600|||||||&#8221; button_use_icon=&#8221;off&#8221; button_custom_padding=&#8221;10px|20px|10px|20px|false|false&#8221;][\/et_pb_wc_add_to_cart][\/et_pb_column][\/et_pb_row][\/et_pb_section][et_pb_section fb_built=&#8221;1&#8243; _builder_version=&#8221;4.7.3&#8243; custom_margin=&#8221;0px||0px||false|false&#8221; custom_padding=&#8221;0px||0px||false|false&#8221;][et_pb_row custom_padding_last_edited=&#8221;on|phone&#8221; _builder_version=&#8221;3.29.3&#8243; background_color=&#8221;#ffffff&#8221; custom_padding=&#8221;||||false|false&#8221; custom_padding_tablet=&#8221;&#8221; custom_padding_phone=&#8221;0px||0px||false|false&#8221;][et_pb_column type=&#8221;4_4&#8243; _builder_version=&#8221;3.29.3&#8243;][et_pb_text _builder_version=&#8221;4.8.2&#8243; header_2_font=&#8221;|700|||||||&#8221; header_2_font_size=&#8221;36px&#8221; header_2_line_height=&#8221;1.2em&#8221; hover_enabled=&#8221;0&#8243; header_2_font_size_tablet=&#8221;&#8221; header_2_font_size_phone=&#8221;28px&#8221; header_2_font_size_last_edited=&#8221;on|phone&#8221; sticky_enabled=&#8221;0&#8243;]<\/p>\n<h2>Produktbeschreibung<\/h2>\n<p>[\/et_pb_text][et_pb_wc_description description_type=&#8221;description&#8221; _builder_version=&#8221;4.7.3&#8243; body_font=&#8221;||||||||&#8221; body_text_color=&#8221;#236d38&#8243; body_font_size=&#8221;17px&#8221; body_line_height=&#8221;1.8em&#8221; custom_margin=&#8221;||10px||false|false&#8221; body_font_size_tablet=&#8221;14px&#8221; body_font_size_phone=&#8221;&#8221; body_font_size_last_edited=&#8221;on|phone&#8221;][\/et_pb_wc_description][\/et_pb_column][\/et_pb_row][\/et_pb_section][et_pb_section fb_built=&#8221;1&#8243; _builder_version=&#8221;3.29.3&#8243; custom_padding=&#8221;0px||0px||false|false&#8221;][et_pb_row use_custom_gutter=&#8221;on&#8221; gutter_width=&#8221;2&#8243; custom_padding_last_edited=&#8221;on|phone&#8221; _builder_version=&#8221;4.7.3&#8243; background_color=&#8221;#f9f9f9&#8243; custom_margin=&#8221;||||false|true&#8221; custom_padding=&#8221;50px|50px|50px|30px|false|false&#8221; custom_padding_tablet=&#8221;&#8221; custom_padding_phone=&#8221;|0px||0px|false|true&#8221; locked=&#8221;off&#8221;][et_pb_column type=&#8221;4_4&#8243; _builder_version=&#8221;3.29.3&#8243;][dsm_masonry_gallery gallery_ids=&#8221;1511,1509,1507,1505,1503,1501,1499,1497,1495,1493,1491,1489&#8243; use_lightbox=&#8221;on&#8221; _builder_version=&#8221;4.7.3&#8243; _module_preset=&#8221;default&#8221;][\/dsm_masonry_gallery][\/et_pb_column][\/et_pb_row][\/et_pb_section][et_pb_section fb_built=&#8221;1&#8243; _builder_version=&#8221;3.29.3&#8243; custom_padding=&#8221;0px||0px||false|false&#8221; locked=&#8221;off&#8221;][et_pb_row use_custom_gutter=&#8221;on&#8221; gutter_width=&#8221;2&#8243; _builder_version=&#8221;3.29.3&#8243; background_color=&#8221;#ffffff&#8221; custom_padding=&#8221;||0px||false|false&#8221; locked=&#8221;off&#8221;][et_pb_column type=&#8221;4_4&#8243; _builder_version=&#8221;3.29.3&#8243;][et_pb_wc_related_products _builder_version=&#8221;3.29.3&#8243; title_font=&#8221;|700|||||||&#8221; title_font_size=&#8221;36px&#8221; title_line_height=&#8221;1.2em&#8221; product_title_font_size=&#8221;16px&#8221; product_title_line_height=&#8221;1.4em&#8221; price_font=&#8221;|600|||||||&#8221; price_font_size=&#8221;20px&#8221; title_font_size_tablet=&#8221;&#8221; title_font_size_phone=&#8221;28px&#8221; title_font_size_last_edited=&#8221;on|desktop&#8221;][\/et_pb_wc_related_products][\/et_pb_column][\/et_pb_row][\/et_pb_section][et_pb_section fb_built=&#8221;1&#8243; _builder_version=&#8221;3.29.3&#8243; custom_padding=&#8221;0px||0px||false|false&#8221; locked=&#8221;off&#8221;][et_pb_row custom_padding_last_edited=&#8221;on|desktop&#8221; _builder_version=&#8221;4.7.3&#8243; background_color=&#8221;#f9f9f9&#8243; custom_margin=&#8221;0px||0px||false|false&#8221; custom_padding=&#8221;20px|50px|20px|50px|true|false&#8221; custom_padding_tablet=&#8221;|||50px|false|false&#8221; custom_padding_phone=&#8221;|30px||30px|false|false&#8221;][et_pb_column type=&#8221;4_4&#8243; _builder_version=&#8221;3.29.3&#8243;][et_pb_wc_reviews _builder_version=&#8221;4.4.2&#8243; header_font=&#8221;|700|||||||&#8221; header_font_size=&#8221;36px&#8221; header_line_height=&#8221;1.2em&#8221; custom_button=&#8221;on&#8221; button_font=&#8221;|600|||||||&#8221; button_use_icon=&#8221;off&#8221; button_custom_padding=&#8221;10px|20px|10px|20px|true|true&#8221; header_font_size_tablet=&#8221;&#8221; header_font_size_phone=&#8221;28px&#8221; header_font_size_last_edited=&#8221;on|phone&#8221;][\/et_pb_wc_reviews][\/et_pb_column][\/et_pb_row][\/et_pb_section]<\/p>\n","protected":false},"excerpt":{"rendered":"<p>Der Royal Premium Rasen bietet ideale Bedingungen f\u00fcr eine Vielzahl von Zwecken.<\/p>\n<p>F\u00fcr die Gestaltung von G\u00e4rten, Terrassen, Dachterrassen und Kinderspielpl\u00e4tzen bietet dieses Rasenmodell eine hervorragende Leistung.<\/p>\n","protected":false},"featured_media":2793,"template":"","meta":{"_et_pb_use_builder":"on","_et_pb_old_content":"Der Royal Premium Rasen bietet ideale Bedingungen f\u00fcr eine Vielzahl von Zwecken.\r\n\r\nF\u00fcr die Gestaltung von G\u00e4rten, Terrassen, Dachterrassen und Kinderspielpl\u00e4tzen bietet dieses Rasenmodell eine hervorragende Leistung.\r\n\r\nDas Royal Premium-Modell wird aus Rohstoffen h\u00f6chster Qualit\u00e4t hergestellt, die das ganze Jahr \u00fcber einen attraktiven nat\u00fcrlichen gr\u00fcnen Rasen sichern.\r\nMit seiner nat\u00fcrlichen gr\u00fcnen Farbe passt es perfekt in das nat\u00fcrliche \u00c4u\u00dfere.\r\n\r\n12 Jahre Garantie auf Farbe und alle Wetterbedingunge.","_et_gb_content_width":""},"product_cat":[87,64,71,90],"product_tag":[],"class_list":{"0":"post-2567","1":"product","2":"type-product","3":"status-publish","4":"has-post-thumbnail","6":"product_cat-kunstrasen","7":"product_cat-umjetna-trava","8":"product_cat-luksuzni-travnjaci","9":"product_cat-luxusrasen","11":"first","12":"instock","13":"shipping-taxable","14":"purchasable","15":"product-type-simple"},"yoast_head":"<!-- This site is optimized with the Yoast SEO plugin v26.8 - https:\/\/yoast.com\/product\/yoast-seo-wordpress\/ -->\n<title>ROYAL PREMIUM Kunstrasen | Green Luxury<\/title>\n<meta name=\"description\" content=\"Umjetna trava\" \/>\n<meta name=\"robots\" content=\"index, follow, max-snippet:-1, max-image-preview:large, max-video-preview:-1\" \/>\n<link rel=\"canonical\" href=\"https:\/\/greenluxury.hr\/de\/produkt\/royal-premium-kunstrasen\/\" \/>\n<meta property=\"og:locale\" content=\"de_DE\" \/>\n<meta property=\"og:type\" content=\"article\" \/>\n<meta property=\"og:title\" content=\"ROYAL PREMIUM Kunstrasen | Green Luxury\" \/>\n<meta property=\"og:description\" content=\"Umjetna trava\" \/>\n<meta property=\"og:url\" content=\"https:\/\/greenluxury.hr\/de\/produkt\/royal-premium-kunstrasen\/\" \/>\n<meta property=\"og:site_name\" content=\"Green Luxury\" \/>\n<meta property=\"article:modified_time\" content=\"2025-01-15T08:20:35+00:00\" \/>\n<meta property=\"og:image\" content=\"https:\/\/greenluxury.hr\/wp-content\/uploads\/2020\/12\/vTrogir-2-height-600px.jpg\" \/>\n\t<meta property=\"og:image:width\" content=\"899\" \/>\n\t<meta property=\"og:image:height\" content=\"600\" \/>\n\t<meta property=\"og:image:type\" content=\"image\/jpeg\" \/>\n<meta name=\"twitter:card\" content=\"summary_large_image\" \/>\n<meta name=\"twitter:label1\" content=\"Gesch\u00e4tzte Lesezeit\" \/>\n\t<meta name=\"twitter:data1\" content=\"6\u00a0Minuten\" \/>\n<script type=\"application\/ld+json\" class=\"yoast-schema-graph\">{\"@context\":\"https:\/\/schema.org\",\"@graph\":[{\"@type\":[\"WebPage\",\"ItemPage\"],\"@id\":\"https:\/\/greenluxury.hr\/de\/produkt\/royal-premium-kunstrasen\/\",\"url\":\"https:\/\/greenluxury.hr\/de\/produkt\/royal-premium-kunstrasen\/\",\"name\":\"ROYAL PREMIUM Kunstrasen | Green Luxury\",\"isPartOf\":{\"@id\":\"https:\/\/greenluxury.hr\/#website\"},\"primaryImageOfPage\":{\"@id\":\"https:\/\/greenluxury.hr\/de\/produkt\/royal-premium-kunstrasen\/#primaryimage\"},\"image\":{\"@id\":\"https:\/\/greenluxury.hr\/de\/produkt\/royal-premium-kunstrasen\/#primaryimage\"},\"thumbnailUrl\":\"https:\/\/greenluxury.hr\/wp-content\/uploads\/2020\/12\/vTrogir-2-height-600px.jpg\",\"datePublished\":\"2021-02-26T20:00:27+00:00\",\"dateModified\":\"2025-01-15T08:20:35+00:00\",\"description\":\"Umjetna trava\",\"breadcrumb\":{\"@id\":\"https:\/\/greenluxury.hr\/de\/produkt\/royal-premium-kunstrasen\/#breadcrumb\"},\"inLanguage\":\"de\",\"potentialAction\":[{\"@type\":\"ReadAction\",\"target\":[\"https:\/\/greenluxury.hr\/de\/produkt\/royal-premium-kunstrasen\/\"]}]},{\"@type\":\"ImageObject\",\"inLanguage\":\"de\",\"@id\":\"https:\/\/greenluxury.hr\/de\/produkt\/royal-premium-kunstrasen\/#primaryimage\",\"url\":\"https:\/\/greenluxury.hr\/wp-content\/uploads\/2020\/12\/vTrogir-2-height-600px.jpg\",\"contentUrl\":\"https:\/\/greenluxury.hr\/wp-content\/uploads\/2020\/12\/vTrogir-2-height-600px.jpg\",\"width\":899,\"height\":600},{\"@type\":\"BreadcrumbList\",\"@id\":\"https:\/\/greenluxury.hr\/de\/produkt\/royal-premium-kunstrasen\/#breadcrumb\",\"itemListElement\":[{\"@type\":\"ListItem\",\"position\":1,\"name\":\"Po\u010detna stranica\",\"item\":\"https:\/\/greenluxury.hr\/de\/\"},{\"@type\":\"ListItem\",\"position\":2,\"name\":\"Shop\",\"item\":\"https:\/\/greenluxury.hr\/shop\/?lang=de\"},{\"@type\":\"ListItem\",\"position\":3,\"name\":\"ROYAL PREMIUM Kunstrasen\"}]},{\"@type\":\"WebSite\",\"@id\":\"https:\/\/greenluxury.hr\/#website\",\"url\":\"https:\/\/greenluxury.hr\/\",\"name\":\"Green Luxury\",\"description\":\"Beautiful  Synthetic Grass\",\"publisher\":{\"@id\":\"https:\/\/greenluxury.hr\/#organization\"},\"potentialAction\":[{\"@type\":\"SearchAction\",\"target\":{\"@type\":\"EntryPoint\",\"urlTemplate\":\"https:\/\/greenluxury.hr\/?s={search_term_string}\"},\"query-input\":{\"@type\":\"PropertyValueSpecification\",\"valueRequired\":true,\"valueName\":\"search_term_string\"}}],\"inLanguage\":\"de\"},{\"@type\":\"Organization\",\"@id\":\"https:\/\/greenluxury.hr\/#organization\",\"name\":\"Green Luxury d.o.o.\",\"url\":\"https:\/\/greenluxury.hr\/\",\"logo\":{\"@type\":\"ImageObject\",\"inLanguage\":\"de\",\"@id\":\"https:\/\/greenluxury.hr\/#\/schema\/logo\/image\/\",\"url\":\"https:\/\/greenluxury.hr\/test123\/wp-content\/uploads\/2021\/02\/TextLogoOrig.png\",\"contentUrl\":\"https:\/\/greenluxury.hr\/test123\/wp-content\/uploads\/2021\/02\/TextLogoOrig.png\",\"width\":400,\"height\":125,\"caption\":\"Green Luxury d.o.o.\"},\"image\":{\"@id\":\"https:\/\/greenluxury.hr\/#\/schema\/logo\/image\/\"}}]}<\/script>\n<!-- \/ Yoast SEO plugin. -->","yoast_head_json":{"title":"ROYAL PREMIUM Kunstrasen | Green Luxury","description":"Umjetna trava","robots":{"index":"index","follow":"follow","max-snippet":"max-snippet:-1","max-image-preview":"max-image-preview:large","max-video-preview":"max-video-preview:-1"},"canonical":"https:\/\/greenluxury.hr\/de\/produkt\/royal-premium-kunstrasen\/","og_locale":"de_DE","og_type":"article","og_title":"ROYAL PREMIUM Kunstrasen | Green Luxury","og_description":"Umjetna trava","og_url":"https:\/\/greenluxury.hr\/de\/produkt\/royal-premium-kunstrasen\/","og_site_name":"Green Luxury","article_modified_time":"2025-01-15T08:20:35+00:00","og_image":[{"width":899,"height":600,"url":"https:\/\/greenluxury.hr\/wp-content\/uploads\/2020\/12\/vTrogir-2-height-600px.jpg","type":"image\/jpeg"}],"twitter_card":"summary_large_image","twitter_misc":{"Gesch\u00e4tzte Lesezeit":"6\u00a0Minuten"},"schema":{"@context":"https:\/\/schema.org","@graph":[{"@type":["WebPage","ItemPage"],"@id":"https:\/\/greenluxury.hr\/de\/produkt\/royal-premium-kunstrasen\/","url":"https:\/\/greenluxury.hr\/de\/produkt\/royal-premium-kunstrasen\/","name":"ROYAL PREMIUM Kunstrasen | Green Luxury","isPartOf":{"@id":"https:\/\/greenluxury.hr\/#website"},"primaryImageOfPage":{"@id":"https:\/\/greenluxury.hr\/de\/produkt\/royal-premium-kunstrasen\/#primaryimage"},"image":{"@id":"https:\/\/greenluxury.hr\/de\/produkt\/royal-premium-kunstrasen\/#primaryimage"},"thumbnailUrl":"https:\/\/greenluxury.hr\/wp-content\/uploads\/2020\/12\/vTrogir-2-height-600px.jpg","datePublished":"2021-02-26T20:00:27+00:00","dateModified":"2025-01-15T08:20:35+00:00","description":"Umjetna trava","breadcrumb":{"@id":"https:\/\/greenluxury.hr\/de\/produkt\/royal-premium-kunstrasen\/#breadcrumb"},"inLanguage":"de","potentialAction":[{"@type":"ReadAction","target":["https:\/\/greenluxury.hr\/de\/produkt\/royal-premium-kunstrasen\/"]}]},{"@type":"ImageObject","inLanguage":"de","@id":"https:\/\/greenluxury.hr\/de\/produkt\/royal-premium-kunstrasen\/#primaryimage","url":"https:\/\/greenluxury.hr\/wp-content\/uploads\/2020\/12\/vTrogir-2-height-600px.jpg","contentUrl":"https:\/\/greenluxury.hr\/wp-content\/uploads\/2020\/12\/vTrogir-2-height-600px.jpg","width":899,"height":600},{"@type":"BreadcrumbList","@id":"https:\/\/greenluxury.hr\/de\/produkt\/royal-premium-kunstrasen\/#breadcrumb","itemListElement":[{"@type":"ListItem","position":1,"name":"Po\u010detna stranica","item":"https:\/\/greenluxury.hr\/de\/"},{"@type":"ListItem","position":2,"name":"Shop","item":"https:\/\/greenluxury.hr\/shop\/?lang=de"},{"@type":"ListItem","position":3,"name":"ROYAL PREMIUM Kunstrasen"}]},{"@type":"WebSite","@id":"https:\/\/greenluxury.hr\/#website","url":"https:\/\/greenluxury.hr\/","name":"Green Luxury","description":"Beautiful  Synthetic Grass","publisher":{"@id":"https:\/\/greenluxury.hr\/#organization"},"potentialAction":[{"@type":"SearchAction","target":{"@type":"EntryPoint","urlTemplate":"https:\/\/greenluxury.hr\/?s={search_term_string}"},"query-input":{"@type":"PropertyValueSpecification","valueRequired":true,"valueName":"search_term_string"}}],"inLanguage":"de"},{"@type":"Organization","@id":"https:\/\/greenluxury.hr\/#organization","name":"Green Luxury d.o.o.","url":"https:\/\/greenluxury.hr\/","logo":{"@type":"ImageObject","inLanguage":"de","@id":"https:\/\/greenluxury.hr\/#\/schema\/logo\/image\/","url":"https:\/\/greenluxury.hr\/test123\/wp-content\/uploads\/2021\/02\/TextLogoOrig.png","contentUrl":"https:\/\/greenluxury.hr\/test123\/wp-content\/uploads\/2021\/02\/TextLogoOrig.png","width":400,"height":125,"caption":"Green Luxury d.o.o."},"image":{"@id":"https:\/\/greenluxury.hr\/#\/schema\/logo\/image\/"}}]}},"_links":{"self":[{"href":"https:\/\/greenluxury.hr\/de\/wp-json\/wp\/v2\/product\/2567","targetHints":{"allow":["GET"]}}],"collection":[{"href":"https:\/\/greenluxury.hr\/de\/wp-json\/wp\/v2\/product"}],"about":[{"href":"https:\/\/greenluxury.hr\/de\/wp-json\/wp\/v2\/types\/product"}],"wp:featuredmedia":[{"embeddable":true,"href":"https:\/\/greenluxury.hr\/de\/wp-json\/wp\/v2\/media\/2793"}],"wp:attachment":[{"href":"https:\/\/greenluxury.hr\/de\/wp-json\/wp\/v2\/media?parent=2567"}],"wp:term":[{"taxonomy":"product_cat","embeddable":true,"href":"https:\/\/greenluxury.hr\/de\/wp-json\/wp\/v2\/product_cat?post=2567"},{"taxonomy":"product_tag","embeddable":true,"href":"https:\/\/greenluxury.hr\/de\/wp-json\/wp\/v2\/product_tag?post=2567"}],"curies":[{"name":"wp","href":"https:\/\/api.w.org\/{rel}","templated":true}]}}