{"id":2462,"date":"2021-02-25T14:35:28","date_gmt":"2021-02-25T13:35:28","guid":{"rendered":"https:\/\/greenluxury.hr\/kontakt\/"},"modified":"2025-02-21T20:01:24","modified_gmt":"2025-02-21T19:01:24","slug":"kontakt","status":"publish","type":"page","link":"https:\/\/greenluxury.hr\/de\/kontakt\/","title":{"rendered":"Kontakt"},"content":{"rendered":"<p>[et_pb_section fb_built=&#8221;1&#8243; _builder_version=&#8221;4.16&#8243; _module_preset=&#8221;default&#8221; background_image=&#8221;https:\/\/greenluxury.hr\/wp-content\/uploads\/2021\/01\/UmjetnaTravaPozadina.jpg&#8221; parallax=&#8221;on&#8221; parallax_method=&#8221;off&#8221; global_colors_info=&#8221;{}&#8221;][et_pb_row _builder_version=&#8221;4.16&#8243; _module_preset=&#8221;default&#8221; global_colors_info=&#8221;{}&#8221;][et_pb_column type=&#8221;4_4&#8243; _builder_version=&#8221;4.16&#8243; _module_preset=&#8221;default&#8221; global_colors_info=&#8221;{}&#8221;][et_pb_text module_class=&#8221;h1_home&#8221; _builder_version=&#8221;4.16&#8243; _module_preset=&#8221;default&#8221; header_font=&#8221;Work Sans|800||on|||||&#8221; header_text_align=&#8221;left&#8221; header_text_color=&#8221;#ffffff&#8221; header_font_size=&#8221;80px&#8221; custom_margin=&#8221;||0px||false|false&#8221; animation_style=&#8221;slide&#8221; animation_direction=&#8221;left&#8221; animation_delay=&#8221;100ms&#8221; animation_intensity_slide=&#8221;48%&#8221; header_text_align_tablet=&#8221;&#8221; header_text_align_phone=&#8221;center&#8221; header_text_align_last_edited=&#8221;on|desktop&#8221; header_font_size_tablet=&#8221;64px&#8221; header_font_size_phone=&#8221;48px&#8221; header_font_size_last_edited=&#8221;on|tablet&#8221; global_colors_info=&#8221;{}&#8221;]<\/p>\n<h1>Kontakt<\/h1>\n<p>[\/et_pb_text][\/et_pb_column][\/et_pb_row][\/et_pb_section][et_pb_section fb_built=&#8221;1&#8243; _builder_version=&#8221;4.16&#8243; _module_preset=&#8221;default&#8221; global_colors_info=&#8221;{}&#8221;][et_pb_row column_structure=&#8221;1_3,1_3,1_3&#8243; _builder_version=&#8221;4.16&#8243; _module_preset=&#8221;default&#8221; global_colors_info=&#8221;{}&#8221;][et_pb_column type=&#8221;1_3&#8243; _builder_version=&#8221;4.16&#8243; _module_preset=&#8221;default&#8221; global_colors_info=&#8221;{}&#8221;][et_pb_blurb title=&#8221;Addresse&#8221; image=&#8221;https:\/\/greenluxury.hr\/wp-content\/uploads\/2021\/01\/map.png&#8221; icon_placement=&#8221;left&#8221; image_icon_width=&#8221;65px&#8221; image_icon_width_tablet=&#8221;65px&#8221; image_icon_width_phone=&#8221;50px&#8221; image_icon_width_last_edited=&#8221;on|phone&#8221; module_class=&#8221;blurb_contact_v1&#8243; _builder_version=&#8221;4.17.4&#8243; _module_preset=&#8221;default&#8221; header_font=&#8221;|700|||||||&#8221; header_font_size=&#8221;28px&#8221; body_text_color=&#8221;#000000&#8243; body_font_size=&#8221;16px&#8221; body_line_height=&#8221;1.6em&#8221; custom_padding=&#8221;35px|35px|35px|35px|true|true&#8221; custom_padding_tablet=&#8221;&#8221; custom_padding_phone=&#8221;35px|25px|35px|25px|true|true&#8221; custom_padding_last_edited=&#8221;on|phone&#8221; animation=&#8221;off&#8221; header_font_size_tablet=&#8221;&#8221; header_font_size_phone=&#8221;24px&#8221; header_font_size_last_edited=&#8221;on|phone&#8221; border_radii=&#8221;on|7px|7px|7px|7px&#8221; border_width_all=&#8221;1px&#8221; border_color_all=&#8221;#54ad1d&#8221; border_width_top=&#8221;7px&#8221; box_shadow_style=&#8221;preset1&#8243; box_shadow_blur=&#8221;11px&#8221; box_shadow_spread=&#8221;5px&#8221; box_shadow_color=&#8221;rgba(137,137,137,0.1)&#8221; image_max_width=&#8221;65px&#8221; image_max_width_tablet=&#8221;&#8221; image_max_width_phone=&#8221;50px&#8221; image_max_width_last_edited=&#8221;on|phone&#8221; global_colors_info=&#8221;{}&#8221;]<\/p>\n<p><span>Velimira Skorpika 7A,<\/span><br \/><span>22000 \u0160ibenik, Kroatien<\/span><\/p>\n<p>[\/et_pb_blurb][\/et_pb_column][et_pb_column type=&#8221;1_3&#8243; _builder_version=&#8221;4.16&#8243; _module_preset=&#8221;default&#8221; global_colors_info=&#8221;{}&#8221;][et_pb_blurb title=&#8221;Kontakt&#8221; image=&#8221;https:\/\/greenluxury.hr\/wp-content\/uploads\/2021\/01\/operator.png&#8221; icon_placement=&#8221;left&#8221; image_icon_width=&#8221;65px&#8221; image_icon_width_tablet=&#8221;65px&#8221; image_icon_width_phone=&#8221;50px&#8221; image_icon_width_last_edited=&#8221;on|phone&#8221; module_class=&#8221;blurb_contact_v1&#8243; _builder_version=&#8221;4.16&#8243; _module_preset=&#8221;default&#8221; header_font=&#8221;|700|||||||&#8221; header_font_size=&#8221;28px&#8221; body_text_color=&#8221;#000000&#8243; body_font_size=&#8221;16px&#8221; body_line_height=&#8221;1.6em&#8221; custom_padding=&#8221;35px|35px|35px|35px|true|true&#8221; custom_padding_tablet=&#8221;&#8221; custom_padding_phone=&#8221;35px|25px|35px|25px|true|true&#8221; custom_padding_last_edited=&#8221;on|phone&#8221; animation=&#8221;off&#8221; header_font_size_tablet=&#8221;&#8221; header_font_size_phone=&#8221;24px&#8221; header_font_size_last_edited=&#8221;on|phone&#8221; border_radii=&#8221;on|7px|7px|7px|7px&#8221; border_width_all=&#8221;1px&#8221; border_color_all=&#8221;#54ad1d&#8221; border_width_top=&#8221;7px&#8221; box_shadow_style=&#8221;preset1&#8243; box_shadow_blur=&#8221;11px&#8221; box_shadow_spread=&#8221;5px&#8221; box_shadow_color=&#8221;rgba(137,137,137,0.1)&#8221; image_max_width=&#8221;65px&#8221; image_max_width_tablet=&#8221;&#8221; image_max_width_phone=&#8221;50px&#8221; image_max_width_last_edited=&#8221;on|phone&#8221; global_colors_info=&#8221;{}&#8221;]<\/p>\n<p><strong>Mobile<\/strong><br \/>  099 663 3288<\/p>\n<p>[\/et_pb_blurb][\/et_pb_column][et_pb_column type=&#8221;1_3&#8243; _builder_version=&#8221;4.16&#8243; _module_preset=&#8221;default&#8221; global_colors_info=&#8221;{}&#8221;][et_pb_blurb title=&#8221;E-mail Adresse&#8221; image=&#8221;https:\/\/greenluxury.hr\/wp-content\/uploads\/2021\/01\/email.png&#8221; icon_placement=&#8221;left&#8221; image_icon_width=&#8221;65px&#8221; image_icon_width_tablet=&#8221;65px&#8221; image_icon_width_phone=&#8221;50px&#8221; image_icon_width_last_edited=&#8221;on|phone&#8221; module_class=&#8221;blurb_contact_v1&#8243; _builder_version=&#8221;4.16&#8243; _module_preset=&#8221;default&#8221; header_font=&#8221;|700|||||||&#8221; header_font_size=&#8221;28px&#8221; body_text_color=&#8221;#000000&#8243; body_font_size=&#8221;16px&#8221; body_line_height=&#8221;1.6em&#8221; custom_padding=&#8221;35px|35px|35px|35px|true|true&#8221; custom_padding_tablet=&#8221;&#8221; custom_padding_phone=&#8221;35px|25px|35px|25px|true|true&#8221; custom_padding_last_edited=&#8221;on|phone&#8221; animation=&#8221;off&#8221; header_font_size_tablet=&#8221;&#8221; header_font_size_phone=&#8221;24px&#8221; header_font_size_last_edited=&#8221;on|phone&#8221; border_radii=&#8221;on|7px|7px|7px|7px&#8221; border_width_all=&#8221;1px&#8221; border_color_all=&#8221;#54ad1d&#8221; border_width_top=&#8221;7px&#8221; box_shadow_style=&#8221;preset1&#8243; box_shadow_blur=&#8221;11px&#8221; box_shadow_spread=&#8221;5px&#8221; box_shadow_color=&#8221;rgba(137,137,137,0.1)&#8221; image_max_width=&#8221;65px&#8221; image_max_width_tablet=&#8221;&#8221; image_max_width_phone=&#8221;50px&#8221; image_max_width_last_edited=&#8221;on|phone&#8221; global_colors_info=&#8221;{}&#8221;]<\/p>\n<p>info@greenluxury.hr<\/p>\n<p>[\/et_pb_blurb][\/et_pb_column][\/et_pb_row][\/et_pb_section][et_pb_section fb_built=&#8221;1&#8243; _builder_version=&#8221;4.16&#8243; _module_preset=&#8221;default&#8221; custom_padding=&#8221;0px||||false|false&#8221; global_colors_info=&#8221;{}&#8221;][et_pb_row column_structure=&#8221;1_2,1_2&#8243; _builder_version=&#8221;4.16&#8243; _module_preset=&#8221;default&#8221; global_colors_info=&#8221;{}&#8221;][et_pb_column type=&#8221;1_2&#8243; _builder_version=&#8221;4.16&#8243; _module_preset=&#8221;default&#8221; global_colors_info=&#8221;{}&#8221;][et_pb_text _builder_version=&#8221;4.16&#8243; _module_preset=&#8221;default&#8221; text_font=&#8221;Mr Dafoe||||||||&#8221; text_text_color=&#8221;#e8e8e8&#8243; text_font_size=&#8221;60px&#8221; custom_margin=&#8221;||18px||false|false&#8221; custom_margin_tablet=&#8221;||16px||false|false&#8221; custom_margin_phone=&#8221;||8px||false|false&#8221; custom_margin_last_edited=&#8221;on|tablet&#8221; text_font_size_tablet=&#8221;48px&#8221; text_font_size_phone=&#8221;36px&#8221; text_font_size_last_edited=&#8221;on|phone&#8221; global_colors_info=&#8221;{}&#8221;]<\/p>\n<p>Kontaktieren Sie uns<\/p>\n<p>[\/et_pb_text][et_pb_text _builder_version=&#8221;4.16&#8243; _module_preset=&#8221;default&#8221; header_2_font=&#8221;|700|||||||&#8221; header_2_font_size=&#8221;46px&#8221; custom_margin=&#8221;||0px||false|false&#8221; header_2_font_size_tablet=&#8221;&#8221; header_2_font_size_phone=&#8221;34px&#8221; header_2_font_size_last_edited=&#8221;on|phone&#8221; global_colors_info=&#8221;{}&#8221;]<\/p>\n<h2>mit Vertrauen<\/h2>\n<p>[\/et_pb_text][et_pb_divider divider_position=&#8221;center&#8221; divider_weight=&#8221;8px&#8221; _builder_version=&#8221;4.16&#8243; _module_preset=&#8221;default&#8221; width=&#8221;13%&#8221; custom_margin=&#8221;20px||35px|-50px|false|false&#8221; custom_margin_tablet=&#8221;&#8221; custom_margin_phone=&#8221;20px||35px|0px|false|false&#8221; custom_margin_last_edited=&#8221;on|phone&#8221; global_colors_info=&#8221;{}&#8221;][\/et_pb_divider][et_pb_text _builder_version=&#8221;4.16&#8243; _module_preset=&#8221;default&#8221; text_line_height=&#8221;1.8em&#8221; text_font_size_tablet=&#8221;&#8221; text_font_size_phone=&#8221;16px&#8221; text_font_size_last_edited=&#8221;on|phone&#8221; global_colors_info=&#8221;{}&#8221;]GREEN LUXURY d.o.o. ist auf den Design und die Gestaltung von Luxus- Rasen, G\u00e4rten und Sportpl\u00e4tzen spezialisiert. Durch h\u00f6chste Qualit\u00e4t der ROYAL PREMIUM Produkte, fachkundiges Wissen, beachtliche Einhaltung des vereinbarten Liefertermins und Durchf\u00fchrung von Werken, erschaffen wir gr\u00fcne \u201cOasen\u201d auf die besondere Royal Premium Weise \u00fcberall in der EU.<\/p>\n<p>Kontaktieren Sie uns mit Vertrauen und erleben Sie die Erfahrung des Royal Premiun Einkaufs.[\/et_pb_text][et_pb_code _builder_version=&#8221;4.16&#8243; _module_preset=&#8221;default&#8221; global_colors_info=&#8221;{}&#8221;]<div id=\"map-multi-marker-1\" class=\"map-multi-marker\" style=\"height: 600px; width: 100%\"><\/div>[\/et_pb_code][\/et_pb_column][et_pb_column type=&#8221;1_2&#8243; module_class=&#8221;contact_v1_column_form&#8221; _builder_version=&#8221;4.16&#8243; _module_preset=&#8221;default&#8221; use_background_color_gradient=&#8221;on&#8221; background_color_gradient_stops=&#8221;rgba(0,0,0,0.31) 0%|rgba(0,0,0,0.25) 100%&#8221; background_color_gradient_overlays_image=&#8221;on&#8221; background_color_gradient_start=&#8221;rgba(0,0,0,0.31)&#8221; background_color_gradient_end=&#8221;rgba(0,0,0,0.25)&#8221; background_image=&#8221;https:\/\/greenluxury.hr\/wp-content\/uploads\/2021\/01\/onamaJPG.jpg&#8221; custom_padding=&#8221;75px|125px|75px|125px|true|true&#8221; custom_padding_tablet=&#8221;|75px||75px|true|true&#8221; custom_padding_phone=&#8221;50px|35px|50px|35px|true|true&#8221; custom_padding_last_edited=&#8221;on|phone&#8221; border_radii=&#8221;on|15px|15px|15px|15px&#8221; global_colors_info=&#8221;{}&#8221;][dsm_contact_form_7 _builder_version=&#8221;4.27.4&#8243; _module_preset=&#8221;default&#8221; cf7_library=&#8221;4257&#8243; labels_text_color=&#8221;#ffffff&#8221; input_background_color=&#8221;#ffffff&#8221; validation_error_background_color=&#8221;#ffffff&#8221; validation_success_background_color=&#8221;#ffffff&#8221; hover_enabled=&#8221;0&#8243; sticky_enabled=&#8221;0&#8243; input_textarea_select_text_color=&#8221;#ffffff&#8221;][\/dsm_contact_form_7][\/et_pb_column][\/et_pb_row][\/et_pb_section]<\/p>\n","protected":false},"excerpt":{"rendered":"<p>KontaktVelimira Skorpika 7A,22000 \u0160ibenik, KroatienMobile 099 663 3288info@greenluxury.hrKontaktieren Sie unsmit VertrauenGREEN LUXURY d.o.o. ist auf den Design und die Gestaltung von Luxus- Rasen, G\u00e4rten und Sportpl\u00e4tzen spezialisiert. Durch h\u00f6chste Qualit\u00e4t der ROYAL PREMIUM Produkte, fachkundiges Wissen, beachtliche Einhaltung des vereinbarten Liefertermins und Durchf\u00fchrung von Werken, erschaffen wir gr\u00fcne \u201cOasen\u201d auf die besondere Royal Premium Weise [&hellip;]<\/p>\n","protected":false},"author":10,"featured_media":0,"parent":0,"menu_order":0,"comment_status":"closed","ping_status":"closed","template":"","meta":{"_et_pb_use_builder":"on","_et_pb_old_content":"","_et_gb_content_width":"","footnotes":""},"class_list":["post-2462","page","type-page","status-publish","hentry"],"yoast_head":"<!-- This site is optimized with the Yoast SEO plugin v26.8 - https:\/\/yoast.com\/product\/yoast-seo-wordpress\/ -->\n<title>Kontakt | Green Luxury<\/title>\n<meta name=\"robots\" content=\"index, follow, max-snippet:-1, max-image-preview:large, max-video-preview:-1\" \/>\n<link rel=\"canonical\" href=\"https:\/\/greenluxury.hr\/de\/kontakt\/\" \/>\n<meta property=\"og:locale\" content=\"de_DE\" \/>\n<meta property=\"og:type\" content=\"article\" \/>\n<meta property=\"og:title\" content=\"Kontakt | Green Luxury\" \/>\n<meta property=\"og:description\" content=\"KontaktVelimira Skorpika 7A,22000 \u0160ibenik, KroatienMobile 099 663 3288info@greenluxury.hrKontaktieren Sie unsmit VertrauenGREEN LUXURY d.o.o. ist auf den Design und die Gestaltung von Luxus- Rasen, G\u00e4rten und Sportpl\u00e4tzen spezialisiert. Durch h\u00f6chste Qualit\u00e4t der ROYAL PREMIUM Produkte, fachkundiges Wissen, beachtliche Einhaltung des vereinbarten Liefertermins und Durchf\u00fchrung von Werken, erschaffen wir gr\u00fcne \u201cOasen\u201d auf die besondere Royal Premium Weise [&hellip;]\" \/>\n<meta property=\"og:url\" content=\"https:\/\/greenluxury.hr\/de\/kontakt\/\" \/>\n<meta property=\"og:site_name\" content=\"Green Luxury\" \/>\n<meta property=\"article:modified_time\" content=\"2025-02-21T19:01:24+00:00\" \/>\n<meta name=\"twitter:card\" content=\"summary_large_image\" \/>\n<meta name=\"twitter:label1\" content=\"Gesch\u00e4tzte Lesezeit\" \/>\n\t<meta name=\"twitter:data1\" content=\"6\u00a0Minuten\" \/>\n<script type=\"application\/ld+json\" class=\"yoast-schema-graph\">{\"@context\":\"https:\/\/schema.org\",\"@graph\":[{\"@type\":\"WebPage\",\"@id\":\"https:\/\/greenluxury.hr\/de\/kontakt\/\",\"url\":\"https:\/\/greenluxury.hr\/de\/kontakt\/\",\"name\":\"Kontakt | Green Luxury\",\"isPartOf\":{\"@id\":\"https:\/\/greenluxury.hr\/#website\"},\"datePublished\":\"2021-02-25T13:35:28+00:00\",\"dateModified\":\"2025-02-21T19:01:24+00:00\",\"breadcrumb\":{\"@id\":\"https:\/\/greenluxury.hr\/de\/kontakt\/#breadcrumb\"},\"inLanguage\":\"de\",\"potentialAction\":[{\"@type\":\"ReadAction\",\"target\":[\"https:\/\/greenluxury.hr\/de\/kontakt\/\"]}]},{\"@type\":\"BreadcrumbList\",\"@id\":\"https:\/\/greenluxury.hr\/de\/kontakt\/#breadcrumb\",\"itemListElement\":[{\"@type\":\"ListItem\",\"position\":1,\"name\":\"Po\u010detna stranica\",\"item\":\"https:\/\/greenluxury.hr\/de\/\"},{\"@type\":\"ListItem\",\"position\":2,\"name\":\"Kontakt\"}]},{\"@type\":\"WebSite\",\"@id\":\"https:\/\/greenluxury.hr\/#website\",\"url\":\"https:\/\/greenluxury.hr\/\",\"name\":\"Green Luxury\",\"description\":\"Beautiful  Synthetic Grass\",\"publisher\":{\"@id\":\"https:\/\/greenluxury.hr\/#organization\"},\"potentialAction\":[{\"@type\":\"SearchAction\",\"target\":{\"@type\":\"EntryPoint\",\"urlTemplate\":\"https:\/\/greenluxury.hr\/?s={search_term_string}\"},\"query-input\":{\"@type\":\"PropertyValueSpecification\",\"valueRequired\":true,\"valueName\":\"search_term_string\"}}],\"inLanguage\":\"de\"},{\"@type\":\"Organization\",\"@id\":\"https:\/\/greenluxury.hr\/#organization\",\"name\":\"Green Luxury d.o.o.\",\"url\":\"https:\/\/greenluxury.hr\/\",\"logo\":{\"@type\":\"ImageObject\",\"inLanguage\":\"de\",\"@id\":\"https:\/\/greenluxury.hr\/#\/schema\/logo\/image\/\",\"url\":\"https:\/\/greenluxury.hr\/test123\/wp-content\/uploads\/2021\/02\/TextLogoOrig.png\",\"contentUrl\":\"https:\/\/greenluxury.hr\/test123\/wp-content\/uploads\/2021\/02\/TextLogoOrig.png\",\"width\":400,\"height\":125,\"caption\":\"Green Luxury d.o.o.\"},\"image\":{\"@id\":\"https:\/\/greenluxury.hr\/#\/schema\/logo\/image\/\"}}]}<\/script>\n<!-- \/ Yoast SEO plugin. -->","yoast_head_json":{"title":"Kontakt | Green Luxury","robots":{"index":"index","follow":"follow","max-snippet":"max-snippet:-1","max-image-preview":"max-image-preview:large","max-video-preview":"max-video-preview:-1"},"canonical":"https:\/\/greenluxury.hr\/de\/kontakt\/","og_locale":"de_DE","og_type":"article","og_title":"Kontakt | Green Luxury","og_description":"KontaktVelimira Skorpika 7A,22000 \u0160ibenik, KroatienMobile 099 663 3288info@greenluxury.hrKontaktieren Sie unsmit VertrauenGREEN LUXURY d.o.o. ist auf den Design und die Gestaltung von Luxus- Rasen, G\u00e4rten und Sportpl\u00e4tzen spezialisiert. Durch h\u00f6chste Qualit\u00e4t der ROYAL PREMIUM Produkte, fachkundiges Wissen, beachtliche Einhaltung des vereinbarten Liefertermins und Durchf\u00fchrung von Werken, erschaffen wir gr\u00fcne \u201cOasen\u201d auf die besondere Royal Premium Weise [&hellip;]","og_url":"https:\/\/greenluxury.hr\/de\/kontakt\/","og_site_name":"Green Luxury","article_modified_time":"2025-02-21T19:01:24+00:00","twitter_card":"summary_large_image","twitter_misc":{"Gesch\u00e4tzte Lesezeit":"6\u00a0Minuten"},"schema":{"@context":"https:\/\/schema.org","@graph":[{"@type":"WebPage","@id":"https:\/\/greenluxury.hr\/de\/kontakt\/","url":"https:\/\/greenluxury.hr\/de\/kontakt\/","name":"Kontakt | Green Luxury","isPartOf":{"@id":"https:\/\/greenluxury.hr\/#website"},"datePublished":"2021-02-25T13:35:28+00:00","dateModified":"2025-02-21T19:01:24+00:00","breadcrumb":{"@id":"https:\/\/greenluxury.hr\/de\/kontakt\/#breadcrumb"},"inLanguage":"de","potentialAction":[{"@type":"ReadAction","target":["https:\/\/greenluxury.hr\/de\/kontakt\/"]}]},{"@type":"BreadcrumbList","@id":"https:\/\/greenluxury.hr\/de\/kontakt\/#breadcrumb","itemListElement":[{"@type":"ListItem","position":1,"name":"Po\u010detna stranica","item":"https:\/\/greenluxury.hr\/de\/"},{"@type":"ListItem","position":2,"name":"Kontakt"}]},{"@type":"WebSite","@id":"https:\/\/greenluxury.hr\/#website","url":"https:\/\/greenluxury.hr\/","name":"Green Luxury","description":"Beautiful  Synthetic Grass","publisher":{"@id":"https:\/\/greenluxury.hr\/#organization"},"potentialAction":[{"@type":"SearchAction","target":{"@type":"EntryPoint","urlTemplate":"https:\/\/greenluxury.hr\/?s={search_term_string}"},"query-input":{"@type":"PropertyValueSpecification","valueRequired":true,"valueName":"search_term_string"}}],"inLanguage":"de"},{"@type":"Organization","@id":"https:\/\/greenluxury.hr\/#organization","name":"Green Luxury d.o.o.","url":"https:\/\/greenluxury.hr\/","logo":{"@type":"ImageObject","inLanguage":"de","@id":"https:\/\/greenluxury.hr\/#\/schema\/logo\/image\/","url":"https:\/\/greenluxury.hr\/test123\/wp-content\/uploads\/2021\/02\/TextLogoOrig.png","contentUrl":"https:\/\/greenluxury.hr\/test123\/wp-content\/uploads\/2021\/02\/TextLogoOrig.png","width":400,"height":125,"caption":"Green Luxury d.o.o."},"image":{"@id":"https:\/\/greenluxury.hr\/#\/schema\/logo\/image\/"}}]}},"_links":{"self":[{"href":"https:\/\/greenluxury.hr\/de\/wp-json\/wp\/v2\/pages\/2462","targetHints":{"allow":["GET"]}}],"collection":[{"href":"https:\/\/greenluxury.hr\/de\/wp-json\/wp\/v2\/pages"}],"about":[{"href":"https:\/\/greenluxury.hr\/de\/wp-json\/wp\/v2\/types\/page"}],"author":[{"embeddable":true,"href":"https:\/\/greenluxury.hr\/de\/wp-json\/wp\/v2\/users\/10"}],"replies":[{"embeddable":true,"href":"https:\/\/greenluxury.hr\/de\/wp-json\/wp\/v2\/comments?post=2462"}],"version-history":[{"count":0,"href":"https:\/\/greenluxury.hr\/de\/wp-json\/wp\/v2\/pages\/2462\/revisions"}],"wp:attachment":[{"href":"https:\/\/greenluxury.hr\/de\/wp-json\/wp\/v2\/media?parent=2462"}],"curies":[{"name":"wp","href":"https:\/\/api.w.org\/{rel}","templated":true}]}}